{"id":6,"date":"2021-05-06T05:05:39","date_gmt":"2021-05-06T05:05:39","guid":{"rendered":"http:\/\/www.tasarimbilardo.com\/?page_id=6"},"modified":"2021-05-29T20:44:20","modified_gmt":"2021-05-29T20:44:20","slug":"yeni-umoma-kapilarini-aciyor-2","status":"publish","type":"page","link":"https:\/\/www.tasarimbilardo.com\/","title":{"rendered":"Tasar\u0131m Langirt Bilardo Tenis Satran\u00e7 Masas\u0131"},"content":{"rendered":"\n<div class=\"wp-block-group alignwide\"><div class=\"wp-block-group__inner-container is-layout-flow wp-block-group-is-layout-flow\">\n<h2 class=\"has-text-align-center wp-block-heading\">\u00d6zel Tasarim Langirt <\/h2>\n<\/div><\/div>\n\n\n\n<div class=\"wp-block-columns alignwide is-layout-flex wp-container-core-columns-is-layout-9d6595d7 wp-block-columns-is-layout-flex\">\n<div class=\"wp-block-column is-layout-flow wp-block-column-is-layout-flow\">\n<div class=\"wp-block-group\"><div class=\"wp-block-group__inner-container is-layout-flow wp-block-group-is-layout-flow\">\n<figure class=\"wp-block-image alignfull size-large\"><img loading=\"lazy\" decoding=\"async\" width=\"1024\" height=\"985\" src=\"http:\/\/www.tasarimbilardo.com\/wp-content\/uploads\/2021\/05\/D61C3899-1024x985.jpg\" alt=\"\" class=\"wp-image-54\" srcset=\"https:\/\/www.tasarimbilardo.com\/wp-content\/uploads\/2021\/05\/D61C3899-1024x985.jpg 1024w, https:\/\/www.tasarimbilardo.com\/wp-content\/uploads\/2021\/05\/D61C3899-300x288.jpg 300w, https:\/\/www.tasarimbilardo.com\/wp-content\/uploads\/2021\/05\/D61C3899-768x738.jpg 768w, https:\/\/www.tasarimbilardo.com\/wp-content\/uploads\/2021\/05\/D61C3899-1536x1477.jpg 1536w, https:\/\/www.tasarimbilardo.com\/wp-content\/uploads\/2021\/05\/D61C3899-1200x1154.jpg 1200w, https:\/\/www.tasarimbilardo.com\/wp-content\/uploads\/2021\/05\/D61C3899-1980x1904.jpg 1980w, https:\/\/www.tasarimbilardo.com\/wp-content\/uploads\/2021\/05\/D61C3899.jpg 2000w\" sizes=\"auto, (max-width: 1024px) 100vw, 1024px\" \/><figcaption>Tasarim Langirt<\/figcaption><\/figure>\n\n\n\n<p>Ki\u015fiye \u00f6zel l\u00fcks dizayn lang\u0131rt masalar\u0131 By Trio At\u00f6lyelerinde kusursuz i\u015f\u00e7ilikle titizlikle \u00e7izim tasar\u0131m projelendirme \u00fcretim a\u015famalar\u0131ndan ge\u00e7erek Hayat Bulur<\/p>\n\n\n\n<p>Tasarim langirt masalar\u0131 \u00f6zel tasar\u0131m olarak tasarlan\u0131p langirt oyununda l\u00fcks dokunu\u015fla sira di\u015fi oyun keyfi ya\u015fam\u0131n\u0131z\u0131 saglar<\/p>\n\n\n\n<p>\u00d6zel tasar\u0131m lang\u0131rt minimal, Retro, vintage, Messing, marble , cam, malzemeler kullanarak \u00fcretilir tamamen ki\u015file\u015ftirilebilir<\/p>\n\n\n\n<p>T\u00fcrkiye tasar\u0131m langirt ilk olarak By Trio taraf\u0131ndan \u00fcretilmi\u015ftir<\/p>\n\n\n\n<p>Tasar\u0131m langirt \u00fcretim S\u00fcreci<\/p>\n\n\n\n<p>Model belirleme<\/p>\n\n\n\n<p>Projelendirme<\/p>\n\n\n\n<p>\u00c7izim<\/p>\n\n\n\n<p>\u00dcretim \u2026<\/p>\n\n\n\n<p><\/p>\n\n\n\n<div class=\"wp-block-button is-style-outline is-style-outline--1\"><a class=\"wp-block-button__link\" href=\"https:\/\/make.wordpress.org\/core\/2019\/09\/27\/block-editor-theme-related-updates-in-wordpress-5-3\/\">Devam\u0131<\/a><\/div>\n<\/div><\/div>\n\n\n\n<div class=\"wp-block-group\"><div class=\"wp-block-group__inner-container is-layout-flow wp-block-group-is-layout-flow\">\n<figure class=\"wp-block-image alignfull size-large\"><img loading=\"lazy\" decoding=\"async\" width=\"800\" height=\"800\" src=\"http:\/\/www.tasarimbilardo.com\/wp-content\/uploads\/2021\/05\/ozel-tasarim-satranc.jpg\" alt=\"\u00f6zel tasar\u0131m satran\u00e7 \" class=\"wp-image-52\" srcset=\"https:\/\/www.tasarimbilardo.com\/wp-content\/uploads\/2021\/05\/ozel-tasarim-satranc.jpg 800w, https:\/\/www.tasarimbilardo.com\/wp-content\/uploads\/2021\/05\/ozel-tasarim-satranc-300x300.jpg 300w, https:\/\/www.tasarimbilardo.com\/wp-content\/uploads\/2021\/05\/ozel-tasarim-satranc-150x150.jpg 150w, https:\/\/www.tasarimbilardo.com\/wp-content\/uploads\/2021\/05\/ozel-tasarim-satranc-768x768.jpg 768w\" sizes=\"auto, (max-width: 800px) 100vw, 800px\" \/><figcaption>Tasarim Satran\u00e7 Masas\u0131<\/figcaption><\/figure>\n\n\n\n<p>Ki\u015fiye \u00f6zel l\u00fcks dizayn Satran\u00e7 masalar\u0131 By Trio At\u00f6lyelerinde kusursuz i\u015f\u00e7ilikle titizlikle \u00e7izim tasar\u0131m projelendirme \u00fcretim a\u015famalar\u0131ndan ge\u00e7erek Hayat Bulur<\/p>\n\n\n\n<p>Tasarim Satran\u00e7 masalar\u0131 \u00f6zel tasar\u0131m olarak tasarlan\u0131p Satran\u00e7 oyununda l\u00fcks dokunu\u015fla sira di\u015fi oyun keyfi ya\u015fam\u0131n\u0131z\u0131 saglar<\/p>\n\n\n\n<p>\u00d6zel tasar\u0131m Satran\u00e7 minimal, Retro, vintage, Messing, marble , cam, malzemeler kullanarak \u00fcretilir tamamen ki\u015file\u015ftirilebilir<\/p>\n\n\n\n<p>T\u00fcrkiye tasar\u0131m Satran\u00e7 ilk olarak By Trio taraf\u0131ndan \u00fcretilmi\u015ftir<\/p>\n\n\n\n<p>Tasar\u0131m Satran\u00e7 \u00fcretim S\u00fcreci<\/p>\n\n\n\n<p>Model belirleme<\/p>\n\n\n\n<p>Projelendirme<\/p>\n\n\n\n<p>\u00c7izim<\/p>\n\n\n\n<p>\u00dcretim \u2026<\/p>\n\n\n\n<div class=\"wp-block-button is-style-outline is-style-outline--2\"><a class=\"wp-block-button__link\" href=\"https:\/\/make.wordpress.org\/core\/2019\/09\/27\/block-editor-theme-related-updates-in-wordpress-5-3\/\">Devam\u0131<\/a><\/div>\n<\/div><\/div>\n<\/div>\n\n\n\n<div class=\"wp-block-column is-layout-flow wp-block-column-is-layout-flow\">\n<div class=\"wp-block-group\"><div class=\"wp-block-group__inner-container is-layout-flow wp-block-group-is-layout-flow\">\n<figure class=\"wp-block-image alignfull size-large\"><img loading=\"lazy\" decoding=\"async\" width=\"629\" height=\"628\" src=\"http:\/\/www.tasarimbilardo.com\/wp-content\/uploads\/2021\/05\/tasarim-bilardo-masasi-bilards-3.jpg\" alt=\"\u00f6zel tasar\u0131m l\u00fcks bilardo masas\u0131 \" class=\"wp-image-53\" srcset=\"https:\/\/www.tasarimbilardo.com\/wp-content\/uploads\/2021\/05\/tasarim-bilardo-masasi-bilards-3.jpg 629w, https:\/\/www.tasarimbilardo.com\/wp-content\/uploads\/2021\/05\/tasarim-bilardo-masasi-bilards-3-300x300.jpg 300w, https:\/\/www.tasarimbilardo.com\/wp-content\/uploads\/2021\/05\/tasarim-bilardo-masasi-bilards-3-150x150.jpg 150w\" sizes=\"auto, (max-width: 629px) 100vw, 629px\" \/><figcaption>Tasar\u0131m Bilardo Masas\u0131<\/figcaption><\/figure>\n\n\n\n<p>Ki\u015fiye \u00f6zel l\u00fcks dizayn Bilardo masalar\u0131 By Trio At\u00f6lyelerinde kusursuz i\u015f\u00e7ilikle titizlikle \u00e7izim tasar\u0131m projelendirme \u00fcretim a\u015famalar\u0131ndan ge\u00e7erek Hayat Bulur<\/p>\n\n\n\n<p>Tasarim bilardo masalar\u0131 \u00f6zel tasar\u0131m olarak tasarlan\u0131p Bilardo oyununda l\u00fcks dokunu\u015fla sira di\u015fi oyun keyfi ya\u015fam\u0131n\u0131z\u0131 saglar<\/p>\n\n\n\n<p>\u00d6zel tasar\u0131m bilardo minimal, Retro, vintage, Messing, marble , cam, malzemeler kullanarak \u00fcretilir tamamen ki\u015file\u015ftirilebilir<\/p>\n\n\n\n<p>T\u00fcrkiye tasar\u0131m Bilardo ilk olarak By Trio taraf\u0131ndan \u00fcretilmi\u015ftir<\/p>\n\n\n\n<p>Tasar\u0131m Bilardo \u00fcretim S\u00fcreci<\/p>\n\n\n\n<p>Model belirleme<\/p>\n\n\n\n<p>Projelendirme<\/p>\n\n\n\n<p>\u00c7izim<\/p>\n\n\n\n<p>\u00dcretim \u2026<\/p>\n\n\n\n<p><\/p>\n\n\n\n<div class=\"wp-block-button is-style-outline is-style-outline--3\"><a class=\"wp-block-button__link\" href=\"https:\/\/make.wordpress.org\/core\/2019\/09\/27\/block-editor-theme-related-updates-in-wordpress-5-3\/\" target=\"_blank\" rel=\"noreferrer noopener\">Devam\u0131<\/a><\/div>\n<\/div><\/div>\n\n\n\n<div class=\"wp-block-group\"><div class=\"wp-block-group__inner-container is-layout-flow wp-block-group-is-layout-flow\">\n<figure class=\"wp-block-image alignfull size-large\"><img loading=\"lazy\" decoding=\"async\" width=\"749\" height=\"778\" src=\"http:\/\/www.tasarimbilardo.com\/wp-content\/uploads\/2021\/05\/Tasarim-air-hockey-havali-ozel-luks-dizayn.jpg\" alt=\"\" class=\"wp-image-51\" srcset=\"https:\/\/www.tasarimbilardo.com\/wp-content\/uploads\/2021\/05\/Tasarim-air-hockey-havali-ozel-luks-dizayn.jpg 749w, https:\/\/www.tasarimbilardo.com\/wp-content\/uploads\/2021\/05\/Tasarim-air-hockey-havali-ozel-luks-dizayn-289x300.jpg 289w\" sizes=\"auto, (max-width: 749px) 100vw, 749px\" \/><figcaption>Tasarim Air Hockey Masas\u0131<\/figcaption><\/figure>\n\n\n\n<p id=\"block-0a9a85af-2df5-4b00-a2bf-d1d56257cc72\">Ki\u015fiye \u00f6zel l\u00fcks dizayn tasarim Air hockey masalar\u0131 By Trio At\u00f6lyelerinde kusursuz i\u015f\u00e7ilikle titizlikle \u00e7izim tasar\u0131m projelendirme \u00fcretim a\u015famalar\u0131ndan ge\u00e7erek Hayat Bulur<br>Tasarim Air Hockey masalar\u0131 \u00f6zel tasar\u0131m olarak tasarlan\u0131p Air hockey oyununda l\u00fcks dokunu\u015fla sira di\u015fi oyun keyfi ya\u015fam\u0131n\u0131z\u0131 saglar<\/p>\n\n\n\n<p id=\"block-b52d1f61-d666-4440-bbd6-182865df69f4\">\u00d6zel tasar\u0131m Air Hockey minimal, Retro, vintage, Messing, marble , cam, malzemeler kullanarak \u00fcretilir tamamen ki\u015file\u015ftirilebilir<\/p>\n\n\n\n<p id=\"block-52923caf-86f4-41d3-af0f-a60f3d732dd2\">T\u00fcrkiye tasar\u0131m Air Hockey ilk olarak By Trio taraf\u0131ndan \u00fcretilmi\u015ftir<\/p>\n\n\n\n<p id=\"block-8aa18bde-cd27-401d-8fac-3f8805617c1d\">Tasar\u0131m Air Hockey masasi \u00fcretim S\u00fcreci<\/p>\n\n\n\n<p id=\"block-13aa6866-2b38-4625-ba4c-36f0fa13909f\">Model belirleme<\/p>\n\n\n\n<p id=\"block-3965df06-e538-4cee-b00c-d1b00743beb6\">Projelendirme<\/p>\n\n\n\n<p id=\"block-fa03c1a1-f727-4b60-84f7-8c54f78d1ded\">\u00c7izim<\/p>\n\n\n\n<p id=\"block-ed8b976b-7183-4ce9-8090-1e27624776e9\">\u00dcretim \u2026<\/p>\n\n\n\n<div class=\"wp-block-button is-style-outline is-style-outline--4\"><a class=\"wp-block-button__link\" href=\"https:\/\/make.wordpress.org\/core\/2019\/09\/27\/block-editor-theme-related-updates-in-wordpress-5-3\/\">Devam\u0131<\/a><\/div>\n\n\n\n<p><\/p>\n<\/div><\/div>\n<\/div>\n<\/div>\n\n\n\n<div class=\"wp-block-group alignwide\"><div class=\"wp-block-group__inner-container is-layout-flow wp-block-group-is-layout-flow\">\n<h2 class=\"has-text-align-center has-accent-color has-text-color wp-block-heading\"><font style=\"vertical-align: inherit;\"><font style=\"vertical-align: inherit;\">&#8221; Tasar\u0131m sanat ile harmanlan\u0131r &#8220;<\/font><\/font><\/h2>\n<\/div><\/div>\n\n\n\n<p class=\"has-drop-cap\">By Trio katl\u0131 \u00e7arp\u0131c\u0131 tasarim mimarisi ile  uluslararas\u0131 modern sanatsal oyun masalari tasarimlari  l\u00fcks mekanlarinin  vazge\u00e7ilmez  par\u00e7alar\u0131n\u0131 tasarlarar <\/p>\n\n\n\n<p>By Trio tasar\u0131mlar\u0131 Aleyna Berfin Serim  taraf\u0131ndan tasarlan\u0131p By trio tarafl\u0131dan \u00fcretilmektedir  ve d\u00fcnyan\u0131n her yerinden misafirler  taraf\u0131ndan takip edilmektedir  T\u00fcrkiye&#8217;de  ayn\u0131  zamanda uluslararas\u0131 bir ilgi g\u00f6rmektedir. Avrupa&#8217;da 2015 y\u0131l\u0131nda mermer marble langirt ile t\u00fcm haber kanallar\u0131nda By Trio  yer alm\u0131\u015ft\u0131r d\u00fcnyada ilk kez tamamen mermer langirt tasarlay\u0131p \u00fcretip 2015 Verona Marco Marc fuar\u0131nda sergilemi\u015ftir <\/p>\n\n\n\n<p>By Trio \u00d6zel Tasarim Langirt &#8230;.<\/p>\n\n\n\n<p><\/p>\n\n\n\n<div class=\"wp-block-group\"><div class=\"wp-block-group__inner-container is-layout-flow wp-block-group-is-layout-flow\">\n<div class=\"wp-block-columns is-layout-flex wp-container-core-columns-is-layout-9d6595d7 wp-block-columns-is-layout-flex\">\n<div class=\"wp-block-column is-layout-flow wp-block-column-is-layout-flow\">\n<figure class=\"wp-block-image size-large\"><img loading=\"lazy\" decoding=\"async\" width=\"1024\" height=\"1024\" src=\"http:\/\/www.tasarimbilardo.com\/wp-content\/uploads\/2021\/05\/tasarim-mermer-langirt-masasi-13-1024x1024.jpg\" alt=\"\" class=\"wp-image-200\" srcset=\"https:\/\/www.tasarimbilardo.com\/wp-content\/uploads\/2021\/05\/tasarim-mermer-langirt-masasi-13-1024x1024.jpg 1024w, https:\/\/www.tasarimbilardo.com\/wp-content\/uploads\/2021\/05\/tasarim-mermer-langirt-masasi-13-300x300.jpg 300w, https:\/\/www.tasarimbilardo.com\/wp-content\/uploads\/2021\/05\/tasarim-mermer-langirt-masasi-13-150x150.jpg 150w, https:\/\/www.tasarimbilardo.com\/wp-content\/uploads\/2021\/05\/tasarim-mermer-langirt-masasi-13-768x769.jpg 768w, https:\/\/www.tasarimbilardo.com\/wp-content\/uploads\/2021\/05\/tasarim-mermer-langirt-masasi-13-1200x1201.jpg 1200w, https:\/\/www.tasarimbilardo.com\/wp-content\/uploads\/2021\/05\/tasarim-mermer-langirt-masasi-13.jpg 1238w\" sizes=\"auto, (max-width: 1024px) 100vw, 1024px\" \/><\/figure>\n<\/div>\n\n\n\n<div class=\"wp-block-column is-layout-flow wp-block-column-is-layout-flow\">\n<figure class=\"wp-block-image size-large\"><img loading=\"lazy\" decoding=\"async\" width=\"1024\" height=\"1024\" src=\"http:\/\/www.tasarimbilardo.com\/wp-content\/uploads\/2021\/05\/tasarim-mermer-langirt-masasi-2-1-1024x1024.png\" alt=\"\" class=\"wp-image-201\" srcset=\"https:\/\/www.tasarimbilardo.com\/wp-content\/uploads\/2021\/05\/tasarim-mermer-langirt-masasi-2-1-1024x1024.png 1024w, https:\/\/www.tasarimbilardo.com\/wp-content\/uploads\/2021\/05\/tasarim-mermer-langirt-masasi-2-1-300x300.png 300w, https:\/\/www.tasarimbilardo.com\/wp-content\/uploads\/2021\/05\/tasarim-mermer-langirt-masasi-2-1-150x150.png 150w, https:\/\/www.tasarimbilardo.com\/wp-content\/uploads\/2021\/05\/tasarim-mermer-langirt-masasi-2-1-768x768.png 768w, https:\/\/www.tasarimbilardo.com\/wp-content\/uploads\/2021\/05\/tasarim-mermer-langirt-masasi-2-1.png 1080w\" sizes=\"auto, (max-width: 1024px) 100vw, 1024px\" \/><\/figure>\n<\/div>\n<\/div>\n<\/div><\/div>\n","protected":false},"excerpt":{"rendered":"<p>\u00d6zel Tasarim Langirt Ki\u015fiye \u00f6zel l\u00fcks dizayn lang\u0131rt masalar\u0131 By Trio At\u00f6lyelerinde kusursuz i\u015f\u00e7ilikle titizlikle \u00e7izim tasar\u0131m projelendirme \u00fcretim a\u015famalar\u0131ndan ge\u00e7erek Hayat Bulur Tasarim langirt masalar\u0131 \u00f6zel tasar\u0131m olarak tasarlan\u0131p langirt oyununda l\u00fcks dokunu\u015fla sira di\u015fi oyun keyfi ya\u015fam\u0131n\u0131z\u0131 saglar \u00d6zel tasar\u0131m lang\u0131rt minimal, Retro, vintage, Messing, marble , cam, malzemeler kullanarak \u00fcretilir tamamen ki\u015file\u015ftirilebilir [&hellip;]<\/p>\n","protected":false},"author":1,"featured_media":0,"parent":0,"menu_order":0,"comment_status":"closed","ping_status":"closed","template":"","meta":{"footnotes":""},"class_list":["post-6","page","type-page","status-publish","hentry"],"yoast_head":"<!-- This site is optimized with the Yoast SEO plugin v25.5 - https:\/\/yoast.com\/wordpress\/plugins\/seo\/ -->\n<title>Tasar\u0131m Langirt Bilardo Tenis Satran\u00e7 Masas\u0131 - Tasarim Langirt<\/title>\n<meta name=\"robots\" content=\"index, follow, max-snippet:-1, max-image-preview:large, max-video-preview:-1\" \/>\n<link rel=\"canonical\" href=\"http:\/\/www.tasarimbilardo.com\/\" \/>\n<meta property=\"og:locale\" content=\"tr_TR\" \/>\n<meta property=\"og:type\" content=\"article\" \/>\n<meta property=\"og:title\" content=\"Tasar\u0131m Langirt Bilardo Tenis Satran\u00e7 Masas\u0131 - Tasarim Langirt\" \/>\n<meta property=\"og:description\" content=\"\u00d6zel Tasarim Langirt Ki\u015fiye \u00f6zel l\u00fcks dizayn lang\u0131rt masalar\u0131 By Trio At\u00f6lyelerinde kusursuz i\u015f\u00e7ilikle titizlikle \u00e7izim tasar\u0131m projelendirme \u00fcretim a\u015famalar\u0131ndan ge\u00e7erek Hayat Bulur Tasarim langirt masalar\u0131 \u00f6zel tasar\u0131m olarak tasarlan\u0131p langirt oyununda l\u00fcks dokunu\u015fla sira di\u015fi oyun keyfi ya\u015fam\u0131n\u0131z\u0131 saglar \u00d6zel tasar\u0131m lang\u0131rt minimal, Retro, vintage, Messing, marble , cam, malzemeler kullanarak \u00fcretilir tamamen ki\u015file\u015ftirilebilir [&hellip;]\" \/>\n<meta property=\"og:url\" content=\"http:\/\/www.tasarimbilardo.com\/\" \/>\n<meta property=\"og:site_name\" content=\"Tasarim Langirt\" \/>\n<meta property=\"article:modified_time\" content=\"2021-05-29T20:44:20+00:00\" \/>\n<meta property=\"og:image\" content=\"http:\/\/www.tasarimbilardo.com\/wp-content\/uploads\/2021\/05\/D61C3899-1024x985.jpg\" \/>\n<meta name=\"twitter:card\" content=\"summary_large_image\" \/>\n<meta name=\"twitter:label1\" content=\"Tahmini okuma s\u00fcresi\" \/>\n\t<meta name=\"twitter:data1\" content=\"3 dakika\" \/>\n<script type=\"application\/ld+json\" class=\"yoast-schema-graph\">{\"@context\":\"https:\/\/schema.org\",\"@graph\":[{\"@type\":\"WebPage\",\"@id\":\"http:\/\/www.tasarimbilardo.com\/\",\"url\":\"http:\/\/www.tasarimbilardo.com\/\",\"name\":\"Tasar\u0131m Langirt Bilardo Tenis Satran\u00e7 Masas\u0131 - Tasarim Langirt\",\"isPartOf\":{\"@id\":\"http:\/\/www.tasarimbilardo.com\/#website\"},\"primaryImageOfPage\":{\"@id\":\"http:\/\/www.tasarimbilardo.com\/#primaryimage\"},\"image\":{\"@id\":\"http:\/\/www.tasarimbilardo.com\/#primaryimage\"},\"thumbnailUrl\":\"http:\/\/www.tasarimbilardo.com\/wp-content\/uploads\/2021\/05\/D61C3899-1024x985.jpg\",\"datePublished\":\"2021-05-06T05:05:39+00:00\",\"dateModified\":\"2021-05-29T20:44:20+00:00\",\"breadcrumb\":{\"@id\":\"http:\/\/www.tasarimbilardo.com\/#breadcrumb\"},\"inLanguage\":\"tr\",\"potentialAction\":[{\"@type\":\"ReadAction\",\"target\":[\"http:\/\/www.tasarimbilardo.com\/\"]}]},{\"@type\":\"ImageObject\",\"inLanguage\":\"tr\",\"@id\":\"http:\/\/www.tasarimbilardo.com\/#primaryimage\",\"url\":\"https:\/\/www.tasarimbilardo.com\/wp-content\/uploads\/2021\/05\/D61C3899.jpg\",\"contentUrl\":\"https:\/\/www.tasarimbilardo.com\/wp-content\/uploads\/2021\/05\/D61C3899.jpg\",\"width\":2000,\"height\":1923},{\"@type\":\"BreadcrumbList\",\"@id\":\"http:\/\/www.tasarimbilardo.com\/#breadcrumb\",\"itemListElement\":[{\"@type\":\"ListItem\",\"position\":1,\"name\":\"Anasayfa\",\"item\":\"http:\/\/www.tasarimbilardo.com\/\"},{\"@type\":\"ListItem\",\"position\":2,\"name\":\"Tasar\u0131m Langirt Bilardo Tenis Satran\u00e7 Masas\u0131\"}]},{\"@type\":\"WebSite\",\"@id\":\"http:\/\/www.tasarimbilardo.com\/#website\",\"url\":\"http:\/\/www.tasarimbilardo.com\/\",\"name\":\"Tasarim Langirt\",\"description\":\"\",\"potentialAction\":[{\"@type\":\"SearchAction\",\"target\":{\"@type\":\"EntryPoint\",\"urlTemplate\":\"http:\/\/www.tasarimbilardo.com\/?s={search_term_string}\"},\"query-input\":{\"@type\":\"PropertyValueSpecification\",\"valueRequired\":true,\"valueName\":\"search_term_string\"}}],\"inLanguage\":\"tr\"}]}<\/script>\n<!-- \/ Yoast SEO plugin. -->","yoast_head_json":{"title":"Tasar\u0131m Langirt Bilardo Tenis Satran\u00e7 Masas\u0131 - Tasarim Langirt","robots":{"index":"index","follow":"follow","max-snippet":"max-snippet:-1","max-image-preview":"max-image-preview:large","max-video-preview":"max-video-preview:-1"},"canonical":"http:\/\/www.tasarimbilardo.com\/","og_locale":"tr_TR","og_type":"article","og_title":"Tasar\u0131m Langirt Bilardo Tenis Satran\u00e7 Masas\u0131 - Tasarim Langirt","og_description":"\u00d6zel Tasarim Langirt Ki\u015fiye \u00f6zel l\u00fcks dizayn lang\u0131rt masalar\u0131 By Trio At\u00f6lyelerinde kusursuz i\u015f\u00e7ilikle titizlikle \u00e7izim tasar\u0131m projelendirme \u00fcretim a\u015famalar\u0131ndan ge\u00e7erek Hayat Bulur Tasarim langirt masalar\u0131 \u00f6zel tasar\u0131m olarak tasarlan\u0131p langirt oyununda l\u00fcks dokunu\u015fla sira di\u015fi oyun keyfi ya\u015fam\u0131n\u0131z\u0131 saglar \u00d6zel tasar\u0131m lang\u0131rt minimal, Retro, vintage, Messing, marble , cam, malzemeler kullanarak \u00fcretilir tamamen ki\u015file\u015ftirilebilir [&hellip;]","og_url":"http:\/\/www.tasarimbilardo.com\/","og_site_name":"Tasarim Langirt","article_modified_time":"2021-05-29T20:44:20+00:00","og_image":[{"url":"http:\/\/www.tasarimbilardo.com\/wp-content\/uploads\/2021\/05\/D61C3899-1024x985.jpg","type":"","width":"","height":""}],"twitter_card":"summary_large_image","twitter_misc":{"Tahmini okuma s\u00fcresi":"3 dakika"},"schema":{"@context":"https:\/\/schema.org","@graph":[{"@type":"WebPage","@id":"http:\/\/www.tasarimbilardo.com\/","url":"http:\/\/www.tasarimbilardo.com\/","name":"Tasar\u0131m Langirt Bilardo Tenis Satran\u00e7 Masas\u0131 - Tasarim Langirt","isPartOf":{"@id":"http:\/\/www.tasarimbilardo.com\/#website"},"primaryImageOfPage":{"@id":"http:\/\/www.tasarimbilardo.com\/#primaryimage"},"image":{"@id":"http:\/\/www.tasarimbilardo.com\/#primaryimage"},"thumbnailUrl":"http:\/\/www.tasarimbilardo.com\/wp-content\/uploads\/2021\/05\/D61C3899-1024x985.jpg","datePublished":"2021-05-06T05:05:39+00:00","dateModified":"2021-05-29T20:44:20+00:00","breadcrumb":{"@id":"http:\/\/www.tasarimbilardo.com\/#breadcrumb"},"inLanguage":"tr","potentialAction":[{"@type":"ReadAction","target":["http:\/\/www.tasarimbilardo.com\/"]}]},{"@type":"ImageObject","inLanguage":"tr","@id":"http:\/\/www.tasarimbilardo.com\/#primaryimage","url":"https:\/\/www.tasarimbilardo.com\/wp-content\/uploads\/2021\/05\/D61C3899.jpg","contentUrl":"https:\/\/www.tasarimbilardo.com\/wp-content\/uploads\/2021\/05\/D61C3899.jpg","width":2000,"height":1923},{"@type":"BreadcrumbList","@id":"http:\/\/www.tasarimbilardo.com\/#breadcrumb","itemListElement":[{"@type":"ListItem","position":1,"name":"Anasayfa","item":"http:\/\/www.tasarimbilardo.com\/"},{"@type":"ListItem","position":2,"name":"Tasar\u0131m Langirt Bilardo Tenis Satran\u00e7 Masas\u0131"}]},{"@type":"WebSite","@id":"http:\/\/www.tasarimbilardo.com\/#website","url":"http:\/\/www.tasarimbilardo.com\/","name":"Tasarim Langirt","description":"","potentialAction":[{"@type":"SearchAction","target":{"@type":"EntryPoint","urlTemplate":"http:\/\/www.tasarimbilardo.com\/?s={search_term_string}"},"query-input":{"@type":"PropertyValueSpecification","valueRequired":true,"valueName":"search_term_string"}}],"inLanguage":"tr"}]}},"_links":{"self":[{"href":"https:\/\/www.tasarimbilardo.com\/index.php\/wp-json\/wp\/v2\/pages\/6","targetHints":{"allow":["GET"]}}],"collection":[{"href":"https:\/\/www.tasarimbilardo.com\/index.php\/wp-json\/wp\/v2\/pages"}],"about":[{"href":"https:\/\/www.tasarimbilardo.com\/index.php\/wp-json\/wp\/v2\/types\/page"}],"author":[{"embeddable":true,"href":"https:\/\/www.tasarimbilardo.com\/index.php\/wp-json\/wp\/v2\/users\/1"}],"replies":[{"embeddable":true,"href":"https:\/\/www.tasarimbilardo.com\/index.php\/wp-json\/wp\/v2\/comments?post=6"}],"version-history":[{"count":17,"href":"https:\/\/www.tasarimbilardo.com\/index.php\/wp-json\/wp\/v2\/pages\/6\/revisions"}],"predecessor-version":[{"id":266,"href":"https:\/\/www.tasarimbilardo.com\/index.php\/wp-json\/wp\/v2\/pages\/6\/revisions\/266"}],"wp:attachment":[{"href":"https:\/\/www.tasarimbilardo.com\/index.php\/wp-json\/wp\/v2\/media?parent=6"}],"curies":[{"name":"wp","href":"https:\/\/api.w.org\/{rel}","templated":true}]}}