{"id":34,"date":"2021-05-06T05:09:26","date_gmt":"2021-05-06T05:09:26","guid":{"rendered":"http:\/\/www.tasarimbilardo.com\/?page_id=34"},"modified":"2021-05-22T18:34:28","modified_gmt":"2021-05-22T18:34:28","slug":"kisiye-ozel-cizim-langirt","status":"publish","type":"page","link":"https:\/\/www.tasarimbilardo.com\/index.php\/kisiye-ozel-cizim-langirt\/","title":{"rendered":"Ki\u015fiye \u00d6zel \u00c7izim Langirt"},"content":{"rendered":"\n<p>Tasarim lang\u0131rt masas\u0131 m\u00fc\u015fterimizin  istekleri do\u011frultusunda stil ve dizayn dikkatle incelenir, buna g\u00f6re teknik \u00f6zellikler belirlenerek tasar\u0131m lang\u0131rt masas\u0131 Bulunaca\u011f\u0131 ortam incelendikten sonra Tasar\u0131mc\u0131m\u0131z Aleyna Berfin Serim taraf\u0131ndan titiz bir \u00e7al\u0131\u015fmas\u0131 \u00e7izim ve projelendirme a\u015famas\u0131 sonras\u0131nda By Trio at\u00f6lyelerinde kusursuz hand madde \u00e7al\u0131\u015fmalar\u0131 sonucunda ortaya \u00e7\u0131kar\u0131l\u0131r.<\/p>\n\n\n\n<figure class=\"wp-block-gallery columns-3 is-cropped wp-block-gallery-1 is-layout-flex wp-block-gallery-is-layout-flex\"><ul class=\"blocks-gallery-grid\"><li class=\"blocks-gallery-item\"><figure><img loading=\"lazy\" decoding=\"async\" width=\"600\" height=\"807\" src=\"http:\/\/www.tasarimbilardo.com\/wp-content\/uploads\/2021\/05\/kisiye-ozel-cizim-proje-langirt-uretim.jpg\" alt=\"\" data-id=\"157\" data-full-url=\"http:\/\/www.tasarimbilardo.com\/wp-content\/uploads\/2021\/05\/kisiye-ozel-cizim-proje-langirt-uretim.jpg\" data-link=\"http:\/\/www.tasarimbilardo.com\/index.php\/kisiye-ozel-cizim-langirt\/kisiye-ozel-cizim-proje-langirt-uretim\/\" class=\"wp-image-157\" srcset=\"https:\/\/www.tasarimbilardo.com\/wp-content\/uploads\/2021\/05\/kisiye-ozel-cizim-proje-langirt-uretim.jpg 600w, https:\/\/www.tasarimbilardo.com\/wp-content\/uploads\/2021\/05\/kisiye-ozel-cizim-proje-langirt-uretim-223x300.jpg 223w\" sizes=\"auto, (max-width: 600px) 100vw, 600px\" \/><\/figure><\/li><li class=\"blocks-gallery-item\"><figure><img loading=\"lazy\" decoding=\"async\" width=\"225\" height=\"225\" src=\"http:\/\/www.tasarimbilardo.com\/wp-content\/uploads\/2021\/05\/indir.jpg\" alt=\"\" data-id=\"155\" data-full-url=\"http:\/\/www.tasarimbilardo.com\/wp-content\/uploads\/2021\/05\/indir.jpg\" data-link=\"http:\/\/www.tasarimbilardo.com\/index.php\/kisiye-ozel-cizim-langirt\/indir\/\" class=\"wp-image-155\" srcset=\"https:\/\/www.tasarimbilardo.com\/wp-content\/uploads\/2021\/05\/indir.jpg 225w, https:\/\/www.tasarimbilardo.com\/wp-content\/uploads\/2021\/05\/indir-150x150.jpg 150w\" sizes=\"auto, (max-width: 225px) 100vw, 225px\" \/><\/figure><\/li><li class=\"blocks-gallery-item\"><figure><img loading=\"lazy\" decoding=\"async\" width=\"170\" height=\"149\" src=\"http:\/\/www.tasarimbilardo.com\/wp-content\/uploads\/2021\/05\/images.jpg\" alt=\"\" data-id=\"154\" data-full-url=\"http:\/\/www.tasarimbilardo.com\/wp-content\/uploads\/2021\/05\/images.jpg\" data-link=\"http:\/\/www.tasarimbilardo.com\/index.php\/kisiye-ozel-cizim-langirt\/images\/\" class=\"wp-image-154\"\/><\/figure><\/li><li class=\"blocks-gallery-item\"><figure><img loading=\"lazy\" decoding=\"async\" width=\"180\" height=\"308\" src=\"http:\/\/www.tasarimbilardo.com\/wp-content\/uploads\/2021\/05\/biliardino_2d_1.jpg\" alt=\"\" data-id=\"152\" data-full-url=\"http:\/\/www.tasarimbilardo.com\/wp-content\/uploads\/2021\/05\/biliardino_2d_1.jpg\" data-link=\"http:\/\/www.tasarimbilardo.com\/index.php\/kisiye-ozel-cizim-langirt\/biliardino_2d_1\/\" class=\"wp-image-152\" srcset=\"https:\/\/www.tasarimbilardo.com\/wp-content\/uploads\/2021\/05\/biliardino_2d_1.jpg 180w, https:\/\/www.tasarimbilardo.com\/wp-content\/uploads\/2021\/05\/biliardino_2d_1-175x300.jpg 175w\" sizes=\"auto, (max-width: 180px) 100vw, 180px\" \/><\/figure><\/li><li class=\"blocks-gallery-item\"><figure><img loading=\"lazy\" decoding=\"async\" width=\"1024\" height=\"996\" src=\"http:\/\/www.tasarimbilardo.com\/wp-content\/uploads\/2021\/05\/depositphotos_23249398-stock-illustration-table-football-and-soccer-vector.jpg\" alt=\"\" data-id=\"153\" data-full-url=\"http:\/\/www.tasarimbilardo.com\/wp-content\/uploads\/2021\/05\/depositphotos_23249398-stock-illustration-table-football-and-soccer-vector.jpg\" data-link=\"http:\/\/www.tasarimbilardo.com\/index.php\/kisiye-ozel-cizim-langirt\/depositphotos_23249398-stock-illustration-table-football-and-soccer-vector\/\" class=\"wp-image-153\" srcset=\"https:\/\/www.tasarimbilardo.com\/wp-content\/uploads\/2021\/05\/depositphotos_23249398-stock-illustration-table-football-and-soccer-vector.jpg 1024w, https:\/\/www.tasarimbilardo.com\/wp-content\/uploads\/2021\/05\/depositphotos_23249398-stock-illustration-table-football-and-soccer-vector-300x292.jpg 300w, https:\/\/www.tasarimbilardo.com\/wp-content\/uploads\/2021\/05\/depositphotos_23249398-stock-illustration-table-football-and-soccer-vector-768x747.jpg 768w\" sizes=\"auto, (max-width: 1024px) 100vw, 1024px\" \/><\/figure><\/li><li class=\"blocks-gallery-item\"><figure><img loading=\"lazy\" decoding=\"async\" width=\"1024\" height=\"605\" src=\"http:\/\/www.tasarimbilardo.com\/wp-content\/uploads\/2021\/05\/NYPQ5711-1024x605.jpg\" alt=\"\" data-id=\"159\" data-full-url=\"http:\/\/www.tasarimbilardo.com\/wp-content\/uploads\/2021\/05\/NYPQ5711.jpg\" data-link=\"http:\/\/www.tasarimbilardo.com\/index.php\/kisiye-ozel-cizim-langirt\/nypq5711\/\" class=\"wp-image-159\" srcset=\"https:\/\/www.tasarimbilardo.com\/wp-content\/uploads\/2021\/05\/NYPQ5711-1024x605.jpg 1024w, https:\/\/www.tasarimbilardo.com\/wp-content\/uploads\/2021\/05\/NYPQ5711-300x177.jpg 300w, https:\/\/www.tasarimbilardo.com\/wp-content\/uploads\/2021\/05\/NYPQ5711-768x454.jpg 768w, https:\/\/www.tasarimbilardo.com\/wp-content\/uploads\/2021\/05\/NYPQ5711.jpg 1071w\" sizes=\"auto, (max-width: 1024px) 100vw, 1024px\" \/><\/figure><\/li><li class=\"blocks-gallery-item\"><figure><img loading=\"lazy\" decoding=\"async\" width=\"1024\" height=\"512\" src=\"http:\/\/www.tasarimbilardo.com\/wp-content\/uploads\/2021\/05\/MGDM2132-1024x512.jpg\" alt=\"\" data-id=\"158\" data-full-url=\"http:\/\/www.tasarimbilardo.com\/wp-content\/uploads\/2021\/05\/MGDM2132.jpg\" data-link=\"http:\/\/www.tasarimbilardo.com\/index.php\/kisiye-ozel-cizim-langirt\/mgdm2132\/\" class=\"wp-image-158\" srcset=\"https:\/\/www.tasarimbilardo.com\/wp-content\/uploads\/2021\/05\/MGDM2132-1024x512.jpg 1024w, https:\/\/www.tasarimbilardo.com\/wp-content\/uploads\/2021\/05\/MGDM2132-300x150.jpg 300w, https:\/\/www.tasarimbilardo.com\/wp-content\/uploads\/2021\/05\/MGDM2132-768x384.jpg 768w, https:\/\/www.tasarimbilardo.com\/wp-content\/uploads\/2021\/05\/MGDM2132-1536x768.jpg 1536w, https:\/\/www.tasarimbilardo.com\/wp-content\/uploads\/2021\/05\/MGDM2132-1200x600.jpg 1200w, https:\/\/www.tasarimbilardo.com\/wp-content\/uploads\/2021\/05\/MGDM2132.jpg 1599w\" sizes=\"auto, (max-width: 1024px) 100vw, 1024px\" \/><\/figure><\/li><\/ul><\/figure>\n","protected":false},"excerpt":{"rendered":"<p>Tasarim lang\u0131rt masas\u0131 m\u00fc\u015fterimizin istekleri do\u011frultusunda stil ve dizayn dikkatle incelenir, buna g\u00f6re teknik \u00f6zellikler belirlenerek tasar\u0131m lang\u0131rt masas\u0131 Bulunaca\u011f\u0131 ortam incelendikten sonra Tasar\u0131mc\u0131m\u0131z Aleyna Berfin Serim taraf\u0131ndan titiz bir \u00e7al\u0131\u015fmas\u0131 \u00e7izim ve projelendirme a\u015famas\u0131 sonras\u0131nda By Trio at\u00f6lyelerinde kusursuz hand madde \u00e7al\u0131\u015fmalar\u0131 sonucunda ortaya \u00e7\u0131kar\u0131l\u0131r.<\/p>\n","protected":false},"author":1,"featured_media":0,"parent":0,"menu_order":0,"comment_status":"closed","ping_status":"closed","template":"","meta":{"footnotes":""},"class_list":["post-34","page","type-page","status-publish","hentry"],"yoast_head":"<!-- This site is optimized with the Yoast SEO plugin v25.5 - https:\/\/yoast.com\/wordpress\/plugins\/seo\/ -->\n<title>Ki\u015fiye \u00d6zel \u00c7izim Langirt - Tasarim Langirt<\/title>\n<meta name=\"robots\" content=\"index, follow, max-snippet:-1, max-image-preview:large, max-video-preview:-1\" \/>\n<link rel=\"canonical\" href=\"https:\/\/www.tasarimbilardo.com\/index.php\/kisiye-ozel-cizim-langirt\/\" \/>\n<meta property=\"og:locale\" content=\"tr_TR\" \/>\n<meta property=\"og:type\" content=\"article\" \/>\n<meta property=\"og:title\" content=\"Ki\u015fiye \u00d6zel \u00c7izim Langirt - Tasarim Langirt\" \/>\n<meta property=\"og:description\" content=\"Tasarim lang\u0131rt masas\u0131 m\u00fc\u015fterimizin istekleri do\u011frultusunda stil ve dizayn dikkatle incelenir, buna g\u00f6re teknik \u00f6zellikler belirlenerek tasar\u0131m lang\u0131rt masas\u0131 Bulunaca\u011f\u0131 ortam incelendikten sonra Tasar\u0131mc\u0131m\u0131z Aleyna Berfin Serim taraf\u0131ndan titiz bir \u00e7al\u0131\u015fmas\u0131 \u00e7izim ve projelendirme a\u015famas\u0131 sonras\u0131nda By Trio at\u00f6lyelerinde kusursuz hand madde \u00e7al\u0131\u015fmalar\u0131 sonucunda ortaya \u00e7\u0131kar\u0131l\u0131r.\" \/>\n<meta property=\"og:url\" content=\"https:\/\/www.tasarimbilardo.com\/index.php\/kisiye-ozel-cizim-langirt\/\" \/>\n<meta property=\"og:site_name\" content=\"Tasarim Langirt\" \/>\n<meta property=\"article:modified_time\" content=\"2021-05-22T18:34:28+00:00\" \/>\n<meta property=\"og:image\" content=\"http:\/\/www.tasarimbilardo.com\/wp-content\/uploads\/2021\/05\/kisiye-ozel-cizim-proje-langirt-uretim.jpg\" \/>\n<meta name=\"twitter:card\" content=\"summary_large_image\" \/>\n<script type=\"application\/ld+json\" class=\"yoast-schema-graph\">{\"@context\":\"https:\/\/schema.org\",\"@graph\":[{\"@type\":\"WebPage\",\"@id\":\"https:\/\/www.tasarimbilardo.com\/index.php\/kisiye-ozel-cizim-langirt\/\",\"url\":\"https:\/\/www.tasarimbilardo.com\/index.php\/kisiye-ozel-cizim-langirt\/\",\"name\":\"Ki\u015fiye \u00d6zel \u00c7izim Langirt - Tasarim Langirt\",\"isPartOf\":{\"@id\":\"http:\/\/www.tasarimbilardo.com\/#website\"},\"primaryImageOfPage\":{\"@id\":\"https:\/\/www.tasarimbilardo.com\/index.php\/kisiye-ozel-cizim-langirt\/#primaryimage\"},\"image\":{\"@id\":\"https:\/\/www.tasarimbilardo.com\/index.php\/kisiye-ozel-cizim-langirt\/#primaryimage\"},\"thumbnailUrl\":\"http:\/\/www.tasarimbilardo.com\/wp-content\/uploads\/2021\/05\/kisiye-ozel-cizim-proje-langirt-uretim.jpg\",\"datePublished\":\"2021-05-06T05:09:26+00:00\",\"dateModified\":\"2021-05-22T18:34:28+00:00\",\"breadcrumb\":{\"@id\":\"https:\/\/www.tasarimbilardo.com\/index.php\/kisiye-ozel-cizim-langirt\/#breadcrumb\"},\"inLanguage\":\"tr\",\"potentialAction\":[{\"@type\":\"ReadAction\",\"target\":[\"https:\/\/www.tasarimbilardo.com\/index.php\/kisiye-ozel-cizim-langirt\/\"]}]},{\"@type\":\"ImageObject\",\"inLanguage\":\"tr\",\"@id\":\"https:\/\/www.tasarimbilardo.com\/index.php\/kisiye-ozel-cizim-langirt\/#primaryimage\",\"url\":\"https:\/\/www.tasarimbilardo.com\/wp-content\/uploads\/2021\/05\/kisiye-ozel-cizim-proje-langirt-uretim.jpg\",\"contentUrl\":\"https:\/\/www.tasarimbilardo.com\/wp-content\/uploads\/2021\/05\/kisiye-ozel-cizim-proje-langirt-uretim.jpg\",\"width\":600,\"height\":807},{\"@type\":\"BreadcrumbList\",\"@id\":\"https:\/\/www.tasarimbilardo.com\/index.php\/kisiye-ozel-cizim-langirt\/#breadcrumb\",\"itemListElement\":[{\"@type\":\"ListItem\",\"position\":1,\"name\":\"Anasayfa\",\"item\":\"http:\/\/www.tasarimbilardo.com\/\"},{\"@type\":\"ListItem\",\"position\":2,\"name\":\"Ki\u015fiye \u00d6zel \u00c7izim Langirt\"}]},{\"@type\":\"WebSite\",\"@id\":\"http:\/\/www.tasarimbilardo.com\/#website\",\"url\":\"http:\/\/www.tasarimbilardo.com\/\",\"name\":\"Tasarim Langirt\",\"description\":\"\",\"potentialAction\":[{\"@type\":\"SearchAction\",\"target\":{\"@type\":\"EntryPoint\",\"urlTemplate\":\"http:\/\/www.tasarimbilardo.com\/?s={search_term_string}\"},\"query-input\":{\"@type\":\"PropertyValueSpecification\",\"valueRequired\":true,\"valueName\":\"search_term_string\"}}],\"inLanguage\":\"tr\"}]}<\/script>\n<!-- \/ Yoast SEO plugin. -->","yoast_head_json":{"title":"Ki\u015fiye \u00d6zel \u00c7izim Langirt - Tasarim Langirt","robots":{"index":"index","follow":"follow","max-snippet":"max-snippet:-1","max-image-preview":"max-image-preview:large","max-video-preview":"max-video-preview:-1"},"canonical":"https:\/\/www.tasarimbilardo.com\/index.php\/kisiye-ozel-cizim-langirt\/","og_locale":"tr_TR","og_type":"article","og_title":"Ki\u015fiye \u00d6zel \u00c7izim Langirt - Tasarim Langirt","og_description":"Tasarim lang\u0131rt masas\u0131 m\u00fc\u015fterimizin istekleri do\u011frultusunda stil ve dizayn dikkatle incelenir, buna g\u00f6re teknik \u00f6zellikler belirlenerek tasar\u0131m lang\u0131rt masas\u0131 Bulunaca\u011f\u0131 ortam incelendikten sonra Tasar\u0131mc\u0131m\u0131z Aleyna Berfin Serim taraf\u0131ndan titiz bir \u00e7al\u0131\u015fmas\u0131 \u00e7izim ve projelendirme a\u015famas\u0131 sonras\u0131nda By Trio at\u00f6lyelerinde kusursuz hand madde \u00e7al\u0131\u015fmalar\u0131 sonucunda ortaya \u00e7\u0131kar\u0131l\u0131r.","og_url":"https:\/\/www.tasarimbilardo.com\/index.php\/kisiye-ozel-cizim-langirt\/","og_site_name":"Tasarim Langirt","article_modified_time":"2021-05-22T18:34:28+00:00","og_image":[{"url":"http:\/\/www.tasarimbilardo.com\/wp-content\/uploads\/2021\/05\/kisiye-ozel-cizim-proje-langirt-uretim.jpg","type":"","width":"","height":""}],"twitter_card":"summary_large_image","schema":{"@context":"https:\/\/schema.org","@graph":[{"@type":"WebPage","@id":"https:\/\/www.tasarimbilardo.com\/index.php\/kisiye-ozel-cizim-langirt\/","url":"https:\/\/www.tasarimbilardo.com\/index.php\/kisiye-ozel-cizim-langirt\/","name":"Ki\u015fiye \u00d6zel \u00c7izim Langirt - Tasarim Langirt","isPartOf":{"@id":"http:\/\/www.tasarimbilardo.com\/#website"},"primaryImageOfPage":{"@id":"https:\/\/www.tasarimbilardo.com\/index.php\/kisiye-ozel-cizim-langirt\/#primaryimage"},"image":{"@id":"https:\/\/www.tasarimbilardo.com\/index.php\/kisiye-ozel-cizim-langirt\/#primaryimage"},"thumbnailUrl":"http:\/\/www.tasarimbilardo.com\/wp-content\/uploads\/2021\/05\/kisiye-ozel-cizim-proje-langirt-uretim.jpg","datePublished":"2021-05-06T05:09:26+00:00","dateModified":"2021-05-22T18:34:28+00:00","breadcrumb":{"@id":"https:\/\/www.tasarimbilardo.com\/index.php\/kisiye-ozel-cizim-langirt\/#breadcrumb"},"inLanguage":"tr","potentialAction":[{"@type":"ReadAction","target":["https:\/\/www.tasarimbilardo.com\/index.php\/kisiye-ozel-cizim-langirt\/"]}]},{"@type":"ImageObject","inLanguage":"tr","@id":"https:\/\/www.tasarimbilardo.com\/index.php\/kisiye-ozel-cizim-langirt\/#primaryimage","url":"https:\/\/www.tasarimbilardo.com\/wp-content\/uploads\/2021\/05\/kisiye-ozel-cizim-proje-langirt-uretim.jpg","contentUrl":"https:\/\/www.tasarimbilardo.com\/wp-content\/uploads\/2021\/05\/kisiye-ozel-cizim-proje-langirt-uretim.jpg","width":600,"height":807},{"@type":"BreadcrumbList","@id":"https:\/\/www.tasarimbilardo.com\/index.php\/kisiye-ozel-cizim-langirt\/#breadcrumb","itemListElement":[{"@type":"ListItem","position":1,"name":"Anasayfa","item":"http:\/\/www.tasarimbilardo.com\/"},{"@type":"ListItem","position":2,"name":"Ki\u015fiye \u00d6zel \u00c7izim Langirt"}]},{"@type":"WebSite","@id":"http:\/\/www.tasarimbilardo.com\/#website","url":"http:\/\/www.tasarimbilardo.com\/","name":"Tasarim Langirt","description":"","potentialAction":[{"@type":"SearchAction","target":{"@type":"EntryPoint","urlTemplate":"http:\/\/www.tasarimbilardo.com\/?s={search_term_string}"},"query-input":{"@type":"PropertyValueSpecification","valueRequired":true,"valueName":"search_term_string"}}],"inLanguage":"tr"}]}},"_links":{"self":[{"href":"https:\/\/www.tasarimbilardo.com\/index.php\/wp-json\/wp\/v2\/pages\/34","targetHints":{"allow":["GET"]}}],"collection":[{"href":"https:\/\/www.tasarimbilardo.com\/index.php\/wp-json\/wp\/v2\/pages"}],"about":[{"href":"https:\/\/www.tasarimbilardo.com\/index.php\/wp-json\/wp\/v2\/types\/page"}],"author":[{"embeddable":true,"href":"https:\/\/www.tasarimbilardo.com\/index.php\/wp-json\/wp\/v2\/users\/1"}],"replies":[{"embeddable":true,"href":"https:\/\/www.tasarimbilardo.com\/index.php\/wp-json\/wp\/v2\/comments?post=34"}],"version-history":[{"count":4,"href":"https:\/\/www.tasarimbilardo.com\/index.php\/wp-json\/wp\/v2\/pages\/34\/revisions"}],"predecessor-version":[{"id":162,"href":"https:\/\/www.tasarimbilardo.com\/index.php\/wp-json\/wp\/v2\/pages\/34\/revisions\/162"}],"wp:attachment":[{"href":"https:\/\/www.tasarimbilardo.com\/index.php\/wp-json\/wp\/v2\/media?parent=34"}],"curies":[{"name":"wp","href":"https:\/\/api.w.org\/{rel}","templated":true}]}}