{"id":29,"date":"2021-05-06T05:09:26","date_gmt":"2021-05-06T05:09:26","guid":{"rendered":"http:\/\/www.tasarimbilardo.com\/?page_id=29"},"modified":"2021-05-22T18:38:33","modified_gmt":"2021-05-22T18:38:33","slug":"tasarim-bilardo","status":"publish","type":"page","link":"https:\/\/www.tasarimbilardo.com\/index.php\/tasarim-bilardo\/","title":{"rendered":"Tasarim Bilardo"},"content":{"rendered":"\n<p>Ki\u015fiye \u00f6zel l\u00fcks dizayn Bilardo masalar\u0131 By Trio At\u00f6lyelerinde kusursuz i\u015f\u00e7ilikle titizlikle \u00e7izim tasar\u0131m projelendirme \u00fcretim a\u015famalar\u0131ndan ge\u00e7erek Hayat Bulur<\/p>\n\n\n\n<p>Tasarim bilardo masalar\u0131 \u00f6zel tasar\u0131m olarak tasarlan\u0131p Bilardo oyununda l\u00fcks dokunu\u015fla sira di\u015fi oyun keyfi ya\u015fam\u0131n\u0131z\u0131 saglar<\/p>\n\n\n\n<p>\u00d6zel tasar\u0131m bilardo minimal, Retro, vintage, Messing, marble , cam, malzemeler kullanarak \u00fcretilir tamamen ki\u015file\u015ftirilebilir<\/p>\n\n\n\n<p>T\u00fcrkiye tasar\u0131m Bilardo ilk olarak By Trio taraf\u0131ndan \u00fcretilmi\u015ftir<\/p>\n\n\n\n<p>Tasar\u0131m Bilardo \u00fcretim S\u00fcreci<\/p>\n\n\n\n<p>Model belirleme<\/p>\n\n\n\n<p>Projelendirme<\/p>\n\n\n\n<p>\u00c7izim<\/p>\n\n\n\n<p>\u00dcretim \u2026<\/p>\n\n\n\n<figure class=\"wp-block-gallery columns-3 is-cropped wp-block-gallery-1 is-layout-flex wp-block-gallery-is-layout-flex\"><ul class=\"blocks-gallery-grid\"><li class=\"blocks-gallery-item\"><figure><img loading=\"lazy\" decoding=\"async\" width=\"1024\" height=\"1024\" src=\"http:\/\/www.tasarimbilardo.com\/wp-content\/uploads\/2021\/05\/luks-tasarim-bilardo-masasi-1024x1024.png\" alt=\"\" data-id=\"172\" data-full-url=\"http:\/\/www.tasarimbilardo.com\/wp-content\/uploads\/2021\/05\/luks-tasarim-bilardo-masasi.png\" data-link=\"http:\/\/www.tasarimbilardo.com\/index.php\/tasarim-bilardo\/luks-tasarim-bilardo-masasi\/\" class=\"wp-image-172\" srcset=\"https:\/\/www.tasarimbilardo.com\/wp-content\/uploads\/2021\/05\/luks-tasarim-bilardo-masasi-1024x1024.png 1024w, https:\/\/www.tasarimbilardo.com\/wp-content\/uploads\/2021\/05\/luks-tasarim-bilardo-masasi-300x300.png 300w, https:\/\/www.tasarimbilardo.com\/wp-content\/uploads\/2021\/05\/luks-tasarim-bilardo-masasi-150x150.png 150w, https:\/\/www.tasarimbilardo.com\/wp-content\/uploads\/2021\/05\/luks-tasarim-bilardo-masasi-768x768.png 768w, https:\/\/www.tasarimbilardo.com\/wp-content\/uploads\/2021\/05\/luks-tasarim-bilardo-masasi.png 1080w\" sizes=\"auto, (max-width: 1024px) 100vw, 1024px\" \/><\/figure><\/li><li class=\"blocks-gallery-item\"><figure><img loading=\"lazy\" decoding=\"async\" width=\"564\" height=\"564\" src=\"http:\/\/www.tasarimbilardo.com\/wp-content\/uploads\/2021\/05\/914f15ba5bc3bc8cfc31288dc9fe2602.jpg\" alt=\"\" data-id=\"164\" data-link=\"http:\/\/www.tasarimbilardo.com\/index.php\/tasarim-bilardo\/914f15ba5bc3bc8cfc31288dc9fe2602\/\" class=\"wp-image-164\" srcset=\"https:\/\/www.tasarimbilardo.com\/wp-content\/uploads\/2021\/05\/914f15ba5bc3bc8cfc31288dc9fe2602.jpg 564w, https:\/\/www.tasarimbilardo.com\/wp-content\/uploads\/2021\/05\/914f15ba5bc3bc8cfc31288dc9fe2602-300x300.jpg 300w, https:\/\/www.tasarimbilardo.com\/wp-content\/uploads\/2021\/05\/914f15ba5bc3bc8cfc31288dc9fe2602-150x150.jpg 150w\" sizes=\"auto, (max-width: 564px) 100vw, 564px\" \/><\/figure><\/li><li class=\"blocks-gallery-item\"><figure><img loading=\"lazy\" decoding=\"async\" width=\"564\" height=\"564\" src=\"http:\/\/www.tasarimbilardo.com\/wp-content\/uploads\/2021\/05\/7820ab2833ef35ba809b2214c845f7b7.jpg\" alt=\"\" data-id=\"165\" data-link=\"http:\/\/www.tasarimbilardo.com\/index.php\/tasarim-bilardo\/7820ab2833ef35ba809b2214c845f7b7\/\" class=\"wp-image-165\" srcset=\"https:\/\/www.tasarimbilardo.com\/wp-content\/uploads\/2021\/05\/7820ab2833ef35ba809b2214c845f7b7.jpg 564w, https:\/\/www.tasarimbilardo.com\/wp-content\/uploads\/2021\/05\/7820ab2833ef35ba809b2214c845f7b7-300x300.jpg 300w, https:\/\/www.tasarimbilardo.com\/wp-content\/uploads\/2021\/05\/7820ab2833ef35ba809b2214c845f7b7-150x150.jpg 150w\" sizes=\"auto, (max-width: 564px) 100vw, 564px\" \/><\/figure><\/li><li class=\"blocks-gallery-item\"><figure><img loading=\"lazy\" decoding=\"async\" width=\"564\" height=\"375\" src=\"http:\/\/www.tasarimbilardo.com\/wp-content\/uploads\/2021\/05\/21165b959049d25a033062425910b2dc.jpg\" alt=\"\" data-id=\"166\" data-link=\"http:\/\/www.tasarimbilardo.com\/index.php\/tasarim-bilardo\/21165b959049d25a033062425910b2dc\/\" class=\"wp-image-166\" srcset=\"https:\/\/www.tasarimbilardo.com\/wp-content\/uploads\/2021\/05\/21165b959049d25a033062425910b2dc.jpg 564w, https:\/\/www.tasarimbilardo.com\/wp-content\/uploads\/2021\/05\/21165b959049d25a033062425910b2dc-300x199.jpg 300w\" sizes=\"auto, (max-width: 564px) 100vw, 564px\" \/><\/figure><\/li><li class=\"blocks-gallery-item\"><figure><img loading=\"lazy\" decoding=\"async\" width=\"564\" height=\"564\" src=\"http:\/\/www.tasarimbilardo.com\/wp-content\/uploads\/2021\/05\/ba883c2a14ae82881bc1a6f9399e63e1.jpg\" alt=\"\" data-id=\"167\" data-link=\"http:\/\/www.tasarimbilardo.com\/index.php\/tasarim-bilardo\/ba883c2a14ae82881bc1a6f9399e63e1\/\" class=\"wp-image-167\" srcset=\"https:\/\/www.tasarimbilardo.com\/wp-content\/uploads\/2021\/05\/ba883c2a14ae82881bc1a6f9399e63e1.jpg 564w, https:\/\/www.tasarimbilardo.com\/wp-content\/uploads\/2021\/05\/ba883c2a14ae82881bc1a6f9399e63e1-300x300.jpg 300w, https:\/\/www.tasarimbilardo.com\/wp-content\/uploads\/2021\/05\/ba883c2a14ae82881bc1a6f9399e63e1-150x150.jpg 150w\" sizes=\"auto, (max-width: 564px) 100vw, 564px\" \/><\/figure><\/li><li class=\"blocks-gallery-item\"><figure><img loading=\"lazy\" decoding=\"async\" width=\"563\" height=\"422\" src=\"http:\/\/www.tasarimbilardo.com\/wp-content\/uploads\/2021\/05\/cc57173940e48ffbf64e973ebf01b244.jpg\" alt=\"\" data-id=\"169\" data-link=\"http:\/\/www.tasarimbilardo.com\/index.php\/tasarim-bilardo\/cc57173940e48ffbf64e973ebf01b244\/\" class=\"wp-image-169\" srcset=\"https:\/\/www.tasarimbilardo.com\/wp-content\/uploads\/2021\/05\/cc57173940e48ffbf64e973ebf01b244.jpg 563w, https:\/\/www.tasarimbilardo.com\/wp-content\/uploads\/2021\/05\/cc57173940e48ffbf64e973ebf01b244-300x225.jpg 300w\" sizes=\"auto, (max-width: 563px) 100vw, 563px\" \/><\/figure><\/li><li class=\"blocks-gallery-item\"><figure><img loading=\"lazy\" decoding=\"async\" width=\"1024\" height=\"536\" src=\"http:\/\/www.tasarimbilardo.com\/wp-content\/uploads\/2021\/05\/DrTBYsZXgAE7JMw-1024x536.jpg\" alt=\"\" data-id=\"170\" data-link=\"http:\/\/www.tasarimbilardo.com\/index.php\/tasarim-bilardo\/drtbyszxgae7jmw\/\" class=\"wp-image-170\" srcset=\"https:\/\/www.tasarimbilardo.com\/wp-content\/uploads\/2021\/05\/DrTBYsZXgAE7JMw-1024x536.jpg 1024w, https:\/\/www.tasarimbilardo.com\/wp-content\/uploads\/2021\/05\/DrTBYsZXgAE7JMw-300x157.jpg 300w, https:\/\/www.tasarimbilardo.com\/wp-content\/uploads\/2021\/05\/DrTBYsZXgAE7JMw-768x402.jpg 768w, https:\/\/www.tasarimbilardo.com\/wp-content\/uploads\/2021\/05\/DrTBYsZXgAE7JMw-1536x804.jpg 1536w, https:\/\/www.tasarimbilardo.com\/wp-content\/uploads\/2021\/05\/DrTBYsZXgAE7JMw-1200x628.jpg 1200w, https:\/\/www.tasarimbilardo.com\/wp-content\/uploads\/2021\/05\/DrTBYsZXgAE7JMw.jpg 1823w\" sizes=\"auto, (max-width: 1024px) 100vw, 1024px\" \/><\/figure><\/li><li class=\"blocks-gallery-item\"><figure><img loading=\"lazy\" decoding=\"async\" width=\"629\" height=\"628\" src=\"http:\/\/www.tasarimbilardo.com\/wp-content\/uploads\/2021\/05\/tasarim-bilardo-masasi-bilards-1.jpg\" alt=\"\" data-id=\"171\" data-link=\"http:\/\/www.tasarimbilardo.com\/index.php\/tasarim-bilardo\/tasarim-bilardo-masasi-bilards-1\/\" class=\"wp-image-171\" srcset=\"https:\/\/www.tasarimbilardo.com\/wp-content\/uploads\/2021\/05\/tasarim-bilardo-masasi-bilards-1.jpg 629w, https:\/\/www.tasarimbilardo.com\/wp-content\/uploads\/2021\/05\/tasarim-bilardo-masasi-bilards-1-300x300.jpg 300w, https:\/\/www.tasarimbilardo.com\/wp-content\/uploads\/2021\/05\/tasarim-bilardo-masasi-bilards-1-150x150.jpg 150w\" sizes=\"auto, (max-width: 629px) 100vw, 629px\" \/><\/figure><\/li><\/ul><\/figure>\n\n\n\n<p><\/p>\n\n\n\n<p><\/p>\n","protected":false},"excerpt":{"rendered":"<p>Ki\u015fiye \u00f6zel l\u00fcks dizayn Bilardo masalar\u0131 By Trio At\u00f6lyelerinde kusursuz i\u015f\u00e7ilikle titizlikle \u00e7izim tasar\u0131m projelendirme \u00fcretim a\u015famalar\u0131ndan ge\u00e7erek Hayat Bulur Tasarim bilardo masalar\u0131 \u00f6zel tasar\u0131m olarak tasarlan\u0131p Bilardo oyununda l\u00fcks dokunu\u015fla sira di\u015fi oyun keyfi ya\u015fam\u0131n\u0131z\u0131 saglar \u00d6zel tasar\u0131m bilardo minimal, Retro, vintage, Messing, marble , cam, malzemeler kullanarak \u00fcretilir tamamen ki\u015file\u015ftirilebilir T\u00fcrkiye tasar\u0131m Bilardo [&hellip;]<\/p>\n","protected":false},"author":1,"featured_media":0,"parent":0,"menu_order":0,"comment_status":"closed","ping_status":"closed","template":"","meta":{"footnotes":""},"class_list":["post-29","page","type-page","status-publish","hentry"],"yoast_head":"<!-- This site is optimized with the Yoast SEO plugin v25.5 - https:\/\/yoast.com\/wordpress\/plugins\/seo\/ -->\n<title>Tasarim Bilardo - Tasarim Langirt<\/title>\n<meta name=\"robots\" content=\"index, follow, max-snippet:-1, max-image-preview:large, max-video-preview:-1\" \/>\n<link rel=\"canonical\" href=\"https:\/\/www.tasarimbilardo.com\/index.php\/tasarim-bilardo\/\" \/>\n<meta property=\"og:locale\" content=\"tr_TR\" \/>\n<meta property=\"og:type\" content=\"article\" \/>\n<meta property=\"og:title\" content=\"Tasarim Bilardo - Tasarim Langirt\" \/>\n<meta property=\"og:description\" content=\"Ki\u015fiye \u00f6zel l\u00fcks dizayn Bilardo masalar\u0131 By Trio At\u00f6lyelerinde kusursuz i\u015f\u00e7ilikle titizlikle \u00e7izim tasar\u0131m projelendirme \u00fcretim a\u015famalar\u0131ndan ge\u00e7erek Hayat Bulur Tasarim bilardo masalar\u0131 \u00f6zel tasar\u0131m olarak tasarlan\u0131p Bilardo oyununda l\u00fcks dokunu\u015fla sira di\u015fi oyun keyfi ya\u015fam\u0131n\u0131z\u0131 saglar \u00d6zel tasar\u0131m bilardo minimal, Retro, vintage, Messing, marble , cam, malzemeler kullanarak \u00fcretilir tamamen ki\u015file\u015ftirilebilir T\u00fcrkiye tasar\u0131m Bilardo [&hellip;]\" \/>\n<meta property=\"og:url\" content=\"https:\/\/www.tasarimbilardo.com\/index.php\/tasarim-bilardo\/\" \/>\n<meta property=\"og:site_name\" content=\"Tasarim Langirt\" \/>\n<meta property=\"article:modified_time\" content=\"2021-05-22T18:38:33+00:00\" \/>\n<meta property=\"og:image\" content=\"http:\/\/www.tasarimbilardo.com\/wp-content\/uploads\/2021\/05\/luks-tasarim-bilardo-masasi-1024x1024.png\" \/>\n<meta name=\"twitter:card\" content=\"summary_large_image\" \/>\n<script type=\"application\/ld+json\" class=\"yoast-schema-graph\">{\"@context\":\"https:\/\/schema.org\",\"@graph\":[{\"@type\":\"WebPage\",\"@id\":\"https:\/\/www.tasarimbilardo.com\/index.php\/tasarim-bilardo\/\",\"url\":\"https:\/\/www.tasarimbilardo.com\/index.php\/tasarim-bilardo\/\",\"name\":\"Tasarim Bilardo - Tasarim Langirt\",\"isPartOf\":{\"@id\":\"http:\/\/www.tasarimbilardo.com\/#website\"},\"primaryImageOfPage\":{\"@id\":\"https:\/\/www.tasarimbilardo.com\/index.php\/tasarim-bilardo\/#primaryimage\"},\"image\":{\"@id\":\"https:\/\/www.tasarimbilardo.com\/index.php\/tasarim-bilardo\/#primaryimage\"},\"thumbnailUrl\":\"http:\/\/www.tasarimbilardo.com\/wp-content\/uploads\/2021\/05\/luks-tasarim-bilardo-masasi-1024x1024.png\",\"datePublished\":\"2021-05-06T05:09:26+00:00\",\"dateModified\":\"2021-05-22T18:38:33+00:00\",\"breadcrumb\":{\"@id\":\"https:\/\/www.tasarimbilardo.com\/index.php\/tasarim-bilardo\/#breadcrumb\"},\"inLanguage\":\"tr\",\"potentialAction\":[{\"@type\":\"ReadAction\",\"target\":[\"https:\/\/www.tasarimbilardo.com\/index.php\/tasarim-bilardo\/\"]}]},{\"@type\":\"ImageObject\",\"inLanguage\":\"tr\",\"@id\":\"https:\/\/www.tasarimbilardo.com\/index.php\/tasarim-bilardo\/#primaryimage\",\"url\":\"https:\/\/www.tasarimbilardo.com\/wp-content\/uploads\/2021\/05\/luks-tasarim-bilardo-masasi.png\",\"contentUrl\":\"https:\/\/www.tasarimbilardo.com\/wp-content\/uploads\/2021\/05\/luks-tasarim-bilardo-masasi.png\",\"width\":1080,\"height\":1080},{\"@type\":\"BreadcrumbList\",\"@id\":\"https:\/\/www.tasarimbilardo.com\/index.php\/tasarim-bilardo\/#breadcrumb\",\"itemListElement\":[{\"@type\":\"ListItem\",\"position\":1,\"name\":\"Anasayfa\",\"item\":\"http:\/\/www.tasarimbilardo.com\/\"},{\"@type\":\"ListItem\",\"position\":2,\"name\":\"Tasarim Bilardo\"}]},{\"@type\":\"WebSite\",\"@id\":\"http:\/\/www.tasarimbilardo.com\/#website\",\"url\":\"http:\/\/www.tasarimbilardo.com\/\",\"name\":\"Tasarim Langirt\",\"description\":\"\",\"potentialAction\":[{\"@type\":\"SearchAction\",\"target\":{\"@type\":\"EntryPoint\",\"urlTemplate\":\"http:\/\/www.tasarimbilardo.com\/?s={search_term_string}\"},\"query-input\":{\"@type\":\"PropertyValueSpecification\",\"valueRequired\":true,\"valueName\":\"search_term_string\"}}],\"inLanguage\":\"tr\"}]}<\/script>\n<!-- \/ Yoast SEO plugin. -->","yoast_head_json":{"title":"Tasarim Bilardo - Tasarim Langirt","robots":{"index":"index","follow":"follow","max-snippet":"max-snippet:-1","max-image-preview":"max-image-preview:large","max-video-preview":"max-video-preview:-1"},"canonical":"https:\/\/www.tasarimbilardo.com\/index.php\/tasarim-bilardo\/","og_locale":"tr_TR","og_type":"article","og_title":"Tasarim Bilardo - Tasarim Langirt","og_description":"Ki\u015fiye \u00f6zel l\u00fcks dizayn Bilardo masalar\u0131 By Trio At\u00f6lyelerinde kusursuz i\u015f\u00e7ilikle titizlikle \u00e7izim tasar\u0131m projelendirme \u00fcretim a\u015famalar\u0131ndan ge\u00e7erek Hayat Bulur Tasarim bilardo masalar\u0131 \u00f6zel tasar\u0131m olarak tasarlan\u0131p Bilardo oyununda l\u00fcks dokunu\u015fla sira di\u015fi oyun keyfi ya\u015fam\u0131n\u0131z\u0131 saglar \u00d6zel tasar\u0131m bilardo minimal, Retro, vintage, Messing, marble , cam, malzemeler kullanarak \u00fcretilir tamamen ki\u015file\u015ftirilebilir T\u00fcrkiye tasar\u0131m Bilardo [&hellip;]","og_url":"https:\/\/www.tasarimbilardo.com\/index.php\/tasarim-bilardo\/","og_site_name":"Tasarim Langirt","article_modified_time":"2021-05-22T18:38:33+00:00","og_image":[{"url":"http:\/\/www.tasarimbilardo.com\/wp-content\/uploads\/2021\/05\/luks-tasarim-bilardo-masasi-1024x1024.png","type":"","width":"","height":""}],"twitter_card":"summary_large_image","schema":{"@context":"https:\/\/schema.org","@graph":[{"@type":"WebPage","@id":"https:\/\/www.tasarimbilardo.com\/index.php\/tasarim-bilardo\/","url":"https:\/\/www.tasarimbilardo.com\/index.php\/tasarim-bilardo\/","name":"Tasarim Bilardo - Tasarim Langirt","isPartOf":{"@id":"http:\/\/www.tasarimbilardo.com\/#website"},"primaryImageOfPage":{"@id":"https:\/\/www.tasarimbilardo.com\/index.php\/tasarim-bilardo\/#primaryimage"},"image":{"@id":"https:\/\/www.tasarimbilardo.com\/index.php\/tasarim-bilardo\/#primaryimage"},"thumbnailUrl":"http:\/\/www.tasarimbilardo.com\/wp-content\/uploads\/2021\/05\/luks-tasarim-bilardo-masasi-1024x1024.png","datePublished":"2021-05-06T05:09:26+00:00","dateModified":"2021-05-22T18:38:33+00:00","breadcrumb":{"@id":"https:\/\/www.tasarimbilardo.com\/index.php\/tasarim-bilardo\/#breadcrumb"},"inLanguage":"tr","potentialAction":[{"@type":"ReadAction","target":["https:\/\/www.tasarimbilardo.com\/index.php\/tasarim-bilardo\/"]}]},{"@type":"ImageObject","inLanguage":"tr","@id":"https:\/\/www.tasarimbilardo.com\/index.php\/tasarim-bilardo\/#primaryimage","url":"https:\/\/www.tasarimbilardo.com\/wp-content\/uploads\/2021\/05\/luks-tasarim-bilardo-masasi.png","contentUrl":"https:\/\/www.tasarimbilardo.com\/wp-content\/uploads\/2021\/05\/luks-tasarim-bilardo-masasi.png","width":1080,"height":1080},{"@type":"BreadcrumbList","@id":"https:\/\/www.tasarimbilardo.com\/index.php\/tasarim-bilardo\/#breadcrumb","itemListElement":[{"@type":"ListItem","position":1,"name":"Anasayfa","item":"http:\/\/www.tasarimbilardo.com\/"},{"@type":"ListItem","position":2,"name":"Tasarim Bilardo"}]},{"@type":"WebSite","@id":"http:\/\/www.tasarimbilardo.com\/#website","url":"http:\/\/www.tasarimbilardo.com\/","name":"Tasarim Langirt","description":"","potentialAction":[{"@type":"SearchAction","target":{"@type":"EntryPoint","urlTemplate":"http:\/\/www.tasarimbilardo.com\/?s={search_term_string}"},"query-input":{"@type":"PropertyValueSpecification","valueRequired":true,"valueName":"search_term_string"}}],"inLanguage":"tr"}]}},"_links":{"self":[{"href":"https:\/\/www.tasarimbilardo.com\/index.php\/wp-json\/wp\/v2\/pages\/29","targetHints":{"allow":["GET"]}}],"collection":[{"href":"https:\/\/www.tasarimbilardo.com\/index.php\/wp-json\/wp\/v2\/pages"}],"about":[{"href":"https:\/\/www.tasarimbilardo.com\/index.php\/wp-json\/wp\/v2\/types\/page"}],"author":[{"embeddable":true,"href":"https:\/\/www.tasarimbilardo.com\/index.php\/wp-json\/wp\/v2\/users\/1"}],"replies":[{"embeddable":true,"href":"https:\/\/www.tasarimbilardo.com\/index.php\/wp-json\/wp\/v2\/comments?post=29"}],"version-history":[{"count":3,"href":"https:\/\/www.tasarimbilardo.com\/index.php\/wp-json\/wp\/v2\/pages\/29\/revisions"}],"predecessor-version":[{"id":173,"href":"https:\/\/www.tasarimbilardo.com\/index.php\/wp-json\/wp\/v2\/pages\/29\/revisions\/173"}],"wp:attachment":[{"href":"https:\/\/www.tasarimbilardo.com\/index.php\/wp-json\/wp\/v2\/media?parent=29"}],"curies":[{"name":"wp","href":"https:\/\/api.w.org\/{rel}","templated":true}]}}